{"id":1398,"date":"2023-11-20T18:17:51","date_gmt":"2023-11-20T18:17:51","guid":{"rendered":"https:\/\/ikia.eu\/fr\/?page_id=1398"},"modified":"2023-11-20T18:18:41","modified_gmt":"2023-11-20T18:18:41","slug":"mettre-a-jour-la-politique-de-protection-des-donnees-personnelles","status":"publish","type":"page","link":"https:\/\/ikia.eu\/fr\/mettre-a-jour-la-politique-de-protection-des-donnees-personnelles\/","title":{"rendered":"Mettre \u00e0 jour la politique de protection des donn\u00e9es personnelles"},"content":{"rendered":"\n<p>Merci de visiter notre site Internet https:\/\/www.ikia.eu (ci-apr\u00e8s \u00ab Site Internet \u00bb) et nous vous assurons que la protection de vos donn\u00e9es personnelles est notre premi\u00e8re pr\u00e9occupation.<\/p>\n\n\n\n<p>Cette Politique vise \u00e0 vous informer sur le traitement des donn\u00e9es personnelles via notre Site Internet.<\/p>\n\n\n\n<p><strong>D\u00e9finitions utiles<\/strong><\/p>\n\n\n\n<p>Pour votre commodit\u00e9, nous utilisons les termes suivants avec les significations respectives indiqu\u00e9es :<\/p>\n\n\n\n<p>\u2022 \u00ab <strong>Donn\u00e9es personnelle<\/strong>s \u00bb : ce sont les informations concernant une personne physique. Les donn\u00e9es sont consid\u00e9r\u00e9es comme personnelles si la personne physique \u00e0 laquelle elles se rapportent peut \u00eatre identifi\u00e9e directement ou indirectement (c&#8217;est-\u00e0-dire par r\u00e9f\u00e9rence au nom, au num\u00e9ro d&#8217;identit\u00e9, \u00e0 l&#8217;adresse r\u00e9sidentielle et \u00e0 d&#8217;autres coordonn\u00e9es (num\u00e9ros de t\u00e9l\u00e9phone, e-mail), \u00e0 l&#8217;adresse de protocole Internet de l&#8217;appareil qui utilise pour &#8220;acc\u00e9der&#8221; \u00e0 Internet (adresse IP), \u00e2ge, sexe, caract\u00e9ristiques externes, \u00e9tat civil, niveau d&#8217;\u00e9ducation, profession, int\u00e9r\u00eats, etc. La personne physique \u00e0 laquelle se rapportent les donn\u00e9es personnelles est appel\u00e9e &#8220;personne concern\u00e9e&#8221;.<\/p>\n\n\n\n<p>\u2022 Le \u00ab <strong>Traitement<\/strong> \u00bb d\u00e9signe toute op\u00e9ration r\u00e9alis\u00e9e, avec ou sans recours \u00e0 des moyens automatis\u00e9s, sur des donn\u00e9es personnelles, telles que la collecte, l&#8217;enregistrement, l&#8217;organisation, la structuration, le stockage, l&#8217;adaptation ou la modification, la r\u00e9cup\u00e9ration, la r\u00e9cup\u00e9ration d&#8217;informations, l&#8217;utilisation, la divulgation par transmission. , diffusion ou toute autre forme de cession, association ou combinaison, restriction, suppression ou destruction.<\/p>\n\n\n\n<p>\u2022 \u00ab <strong>L\u00e9gislation<\/strong> \u00bb : la l\u00e9gislation grecque et europ\u00e9enne pour la protection des personnes physiques contre le traitement de leurs donn\u00e9es personnelles, y compris le r\u00e8glement 2016\/679 de l&#8217;Union europ\u00e9enne (RGPD).<\/p>\n\n\n\n<p>\u2022 \u00ab <strong>Datalogs<\/strong> \u00bb : Fichiers \u00e9lectroniques du trafic du Site Internet enregistr\u00e9s sur notre serveur.<\/p>\n\n\n\n<p>\u2022 \u00ab <strong>Cookies<\/strong> \u00bb : Petits fichiers de donn\u00e9es au format texte qui s&#8217;installent sur votre appareil \u00e9lectronique (ordinateur, mobile, tablette) lors de votre visite sur le Site et fournissent des informations sp\u00e9cifiques relatives \u00e0 votre navigation sur celui-ci.<\/p>\n\n\n\n<p>Quelles donn\u00e9es traitons-nous et dans quel but<\/p>\n\n\n\n<p><strong>A) Informations automatiquement enregistr\u00e9es sur notre serveur<\/strong><\/p>\n\n\n\n<p>Journaux de donn\u00e9es<\/p>\n\n\n\n<p>Lorsque vous entrez sur le site Web, nous collectons les donn\u00e9es personnelles (journaux de donn\u00e9es) qui sont transmises \u00e0 notre serveur depuis votre navigateur, \u00e0 savoir :<\/p>\n\n\n\n<p><strong>-Adresse IP).<\/strong><\/p>\n\n\n\n<p>\u2022 Date et heure de la demande.<\/p>\n\n\n\n<p>\u2022 Diff\u00e9rence de fuseau horaire par rapport \u00e0 l&#8217;heure moyenne de Greenwich (GreenwichMeanTime-GMT)<\/p>\n\n\n\n<p>\u2022 Contenu de la demande (page sp\u00e9cifique)<\/p>\n\n\n\n<p>\u2022 Mode d&#8217;acc\u00e8s\/code HTTP (code d&#8217;\u00e9tat)<\/p>\n\n\n\n<p>\u2022 Toute quantit\u00e9 de donn\u00e9es transf\u00e9r\u00e9es<\/p>\n\n\n\n<p>\u2022 Site Web d&#8217;o\u00f9 provient la demande<\/p>\n\n\n\n<p>\u2022 Navigateur<\/p>\n\n\n\n<p>\u2022 Syst\u00e8me d&#8217;exploitation et son interface<\/p>\n\n\n\n<p>\u2022 Langue et version du logiciel de navigation<\/p>\n\n\n\n<p>Biscuits<\/p>\n\n\n\n<p>En plus des donn\u00e9es mentionn\u00e9es ci-dessus, lors de l&#8217;utilisation du site Web, des cookies sont stock\u00e9s sur votre ordinateur, c&#8217;est-\u00e0-dire de petits fichiers de donn\u00e9es au format texte (fichiers texte) qui sont stock\u00e9s sur l&#8217;appareil que vous utilisez et envoient \u00e0 notre serveur (serveur) des informations d&#8217;identification de votre appareil, c&#8217;est-\u00e0-dire qu&#8217;un num\u00e9ro d&#8217;identification unique est g\u00e9n\u00e9r\u00e9.<\/p>\n\n\n\n<p><strong>B) Informations que vous saisissez<\/strong><\/p>\n\n\n\n<p>Pour nous contacter soit par e-mail, soit via le formulaire de contact de notre site Internet, nous stockons les donn\u00e9es que vous nous fournissez (votre e-mail, \u00e9ventuellement votre nom et votre t\u00e9l\u00e9phone), afin de r\u00e9pondre \u00e0 vos questions. Dans ce cadre, si le stockage n&#8217;est plus n\u00e9cessaire, nous supprimons lesdites donn\u00e9es ou limitons leur traitement, dans le cas o\u00f9 il n&#8217;existe aucune obligation l\u00e9gale de stockage.<\/p>\n\n\n\n<p><strong>Mise \u00e0 jour sur les cookies<\/strong><\/p>\n\n\n\n<p>Les cookies utilis\u00e9s par notre site Web sont appel\u00e9s \u00ab cookies de session \u00bb, qui sont absolument n\u00e9cessaires pour que vous puissiez acc\u00e9der et utiliser pleinement notre site Web et ne peuvent pas \u00eatre d\u00e9sactiv\u00e9s. Les \u00ab cookies de session \u00bb sont de petits fichiers de donn\u00e9es au format texte (fichiers texte) qui sont stock\u00e9s sur l&#8217;appareil que vous utilisez et envoient \u00e0 notre serveur (serveur) les donn\u00e9es d&#8217;identification de votre appareil, c&#8217;est-\u00e0-dire qu&#8217;un num\u00e9ro d&#8217;identification unique est cr\u00e9\u00e9.<\/p>\n\n\n\n<p>Seul notre site Web peut lire les cookies de session. Leur objectif est de rendre la navigation Internet de l&#8217;utilisateur plus conviviale et globalement plus efficace.<\/p>\n\n\n\n<p>Les cookies de session sont supprim\u00e9s lorsque vous vous d\u00e9connectez ou fermez le navigateur.<\/p>\n\n\n\n<p>Les cookies de session contiennent notamment les informations suivantes :<\/p>\n\n\n\n<p>\u2022 ID unique \u2013 al\u00e9atoire \u2013 du visiteur du site Web.<\/p>\n\n\n\n<p>\u2022 Heure de la premi\u00e8re visite du visiteur sp\u00e9cifique sur le site Web.<\/p>\n\n\n\n<p>\u2022 Heure de la visite pr\u00e9c\u00e9dente du visiteur particulier.<\/p>\n\n\n\n<p>\u2022 Nombre de visites du visiteur sp\u00e9cifique.<\/p>\n\n\n\n<p>La base juridique du traitement de vos donn\u00e9es<\/p>\n\n\n\n<p>Le traitement de vos donn\u00e9es via le site Web est bas\u00e9 sur les bases juridiques suivantes pr\u00e9vues par la l\u00e9gislation.<\/p>\n\n\n\n<p>La base de l&#8217;enregistrement de l&#8217;adresse de protocole Internet et du traitement des donn\u00e9es des fichiers journaux et du cookie obligatoire est notre int\u00e9r\u00eat l\u00e9gitime \u00e0 prot\u00e9ger la s\u00e9curit\u00e9 et l&#8217;int\u00e9grit\u00e9 du site Web.<\/p>\n\n\n\n<p><strong>Liens vers des sites Web tiers<\/strong><\/p>\n\n\n\n<p>Le Site Web fait r\u00e9f\u00e9rence \u00e0 des sites Web tiers qui peuvent traiter d&#8217;autres donn\u00e9es de leurs visiteurs\/utilisateurs, utiliser diff\u00e9rents cookies, etc. Nous n&#8217;assumons aucune responsabilit\u00e9 pour ces sites Web et pour toute question connexe, vous devez contacter leurs propri\u00e9taires respectifs.<\/p>\n\n\n\n<p><strong>Dur\u00e9e de conservation des donn\u00e9es<\/strong><\/p>\n\n\n\n<p>L&#8217;adresse de protocole Internet (adresse IP) de votre appareil (ordinateur, mobile ou tablette) qui est automatiquement enregistr\u00e9e sur notre serveur lorsque vous acc\u00e9dez \u00e0 notre Site est conserv\u00e9e pendant trois mois \u00e0 compter de la date de votre acc\u00e8s au Site et est ensuite supprim\u00e9e. automatiquement.<\/p>\n\n\n\n<p><strong>Les cookies de session sont supprim\u00e9s lorsque vous vous d\u00e9connectez ou fermez le navigateur.<\/strong><\/p>\n\n\n\n<p>Les informations que vous nous fournissez pour nous contacter soit par e-mail, soit via le formulaire de contact de notre site Internet (votre e-mail, \u00e9ventuellement votre nom et votre num\u00e9ro de t\u00e9l\u00e9phone), sont conserv\u00e9es aussi longtemps que n\u00e9cessaire pour r\u00e9pondre aux demandes. et, si le stockage n&#8217;est plus n\u00e9cessaire, nous supprimons lesdites donn\u00e9es ou limitons leur traitement, dans le cas o\u00f9 il n&#8217;y a pas d&#8217;obligation de stockage par la loi.<\/p>\n\n\n\n<p>En cas de r\u00e9clamations judiciaires ou extrajudiciaires, les donn\u00e9es seront conserv\u00e9es jusqu&#8217;\u00e0 leur r\u00e9solution irr\u00e9vocable ou leur prescription.<\/p>\n\n\n\n<p><strong>Vos droits et comment les exercer<\/strong><\/p>\n\n\n\n<p>Vous pouvez \u00e0 tout moment exercer les droits suivants consacr\u00e9s par le R\u00e8glement G\u00e9n\u00e9ral :<\/p>\n\n\n\n<p>\u2022 Droit d&#8217;\u00eatre inform\u00e9 des donn\u00e9es que nous traitons via la Plateforme et de quelle mani\u00e8re, d&#8217;en recevoir des copies ainsi que toute autre information sur le traitement effectu\u00e9 (\u00ab droit \u00e0 l&#8217;information et \u00e0 l&#8217;acc\u00e8s \u00bb),<\/p>\n\n\n\n<p>\u2022 Droit de rectification, c&#8217;est-\u00e0-dire demander la correction et\/ou le compl\u00e9ment de donn\u00e9es inexactes ou incompl\u00e8tes, par ex. dans le cas o\u00f9 vous changez d&#8217;adresse email, vous nous demandez de la remplacer par la nouvelle,<\/p>\n\n\n\n<p>\u2022 Droit \u00e0 l&#8217;oubli, c&#8217;est-\u00e0-dire demander la suppression et\/ou la limitation du traitement de vos donn\u00e9es, si celui-ci n&#8217;est plus n\u00e9cessaire ou s&#8217;il est effectu\u00e9 de mani\u00e8re ill\u00e9gale ou dans le cas o\u00f9 la suppression est obligatoire par la loi.<\/p>\n\n\n\n<p>\u2022 Droit \u00e0 la limitation du traitement, c&#8217;est-\u00e0-dire demander la limitation du traitement. tant que votre demande de rectification ou de suppression est en cours,<\/p>\n\n\n\n<p>\u2022 Droit \u00e0 la portabilit\u00e9 des donn\u00e9es, c&#8217;est-\u00e0-dire recevoir vos donn\u00e9es sous forme \u00e9lectronique lisible et nous demander de les transmettre sous cette forme \u00e0 des tiers indiqu\u00e9s par vous (dont nous traitons les donn\u00e9es sur la base juridique du contrat, de la loi et du consentement).<\/p>\n\n\n\n<p>\u2022 Droit d&#8217;opposition, c&#8217;est-\u00e0-dire s&#8217;opposer au traitement de vos donn\u00e9es<\/p>\n\n\n\n<p>Pour exercer vos droits ci-dessus ainsi que pour toute communication concernant des donn\u00e9es personnelles, vous pouvez nous contacter par email. De la m\u00eame mani\u00e8re, vous pouvez nous soumettre toute question ou observation pertinente.<\/p>\n\n\n\n<p>De plus, si vous consid\u00e9rez que vos donn\u00e9es personnelles sont affect\u00e9es de quelque mani\u00e8re que ce soit, vous avez le droit de d\u00e9poser une plainte aupr\u00e8s de l&#8217;autorit\u00e9 de protection des donn\u00e9es personnelles (Kifissias 1-3, 11523, Ath\u00e8nes, 210-6475600, contact@dpa. gr).<\/p>\n\n\n\n<p><strong>R\u00e9visions<\/strong><\/p>\n\n\n\n<p>Avant toute modification \u00e9ventuelle du traitement des donn\u00e9es personnelles via le Site Web, nous modifierons cet Avis en cons\u00e9quence et le publierons afin que vous en soyez inform\u00e9 et puissiez exercer efficacement vos droits.<\/p>\n","protected":false},"excerpt":{"rendered":"<p>Merci de visiter notre site Internet https:\/\/www.ikia.eu (ci-apr\u00e8s \u00ab Site Internet \u00bb) et nous vous assurons que la protection de vos donn\u00e9es personnelles est notre premi\u00e8re pr\u00e9occupation. Cette Politique vise \u00e0 vous informer sur le traitement des donn\u00e9es personnelles via notre Site Internet. D\u00e9finitions utiles Pour votre commodit\u00e9, nous utilisons[&#8230;]<\/p>\n","protected":false},"author":2,"featured_media":0,"parent":0,"menu_order":0,"comment_status":"closed","ping_status":"closed","template":"","meta":{"footnotes":""},"class_list":["post-1398","page","type-page","status-publish","hentry"],"_links":{"self":[{"href":"https:\/\/ikia.eu\/fr\/wp-json\/wp\/v2\/pages\/1398","targetHints":{"allow":["GET"]}}],"collection":[{"href":"https:\/\/ikia.eu\/fr\/wp-json\/wp\/v2\/pages"}],"about":[{"href":"https:\/\/ikia.eu\/fr\/wp-json\/wp\/v2\/types\/page"}],"author":[{"embeddable":true,"href":"https:\/\/ikia.eu\/fr\/wp-json\/wp\/v2\/users\/2"}],"replies":[{"embeddable":true,"href":"https:\/\/ikia.eu\/fr\/wp-json\/wp\/v2\/comments?post=1398"}],"version-history":[{"count":1,"href":"https:\/\/ikia.eu\/fr\/wp-json\/wp\/v2\/pages\/1398\/revisions"}],"predecessor-version":[{"id":1399,"href":"https:\/\/ikia.eu\/fr\/wp-json\/wp\/v2\/pages\/1398\/revisions\/1399"}],"wp:attachment":[{"href":"https:\/\/ikia.eu\/fr\/wp-json\/wp\/v2\/media?parent=1398"}],"curies":[{"name":"wp","href":"https:\/\/api.w.org\/{rel}","templated":true}]}}