{"id":1030,"date":"2016-04-10T08:16:56","date_gmt":"2016-04-10T08:16:56","guid":{"rendered":"http:\/\/tost.harisninios.com\/fr\/?page_id=1030"},"modified":"2016-04-11T10:13:12","modified_gmt":"2016-04-11T10:13:12","slug":"histoire-geographie","status":"publish","type":"page","link":"https:\/\/ikia.eu\/fr\/histoire-geographie\/","title":{"rendered":"HISTOIRE &#8211; G\u00c9OGRAPHIE"},"content":{"rendered":"<p class=\"p1\"><strong><span class=\"s1\">HISTOIRE<\/span><\/strong><\/p>\n<p class=\"p1\"><span class=\"s1\">Alonissos s&#8217;est int\u00e9gr\u00e9e \u00e0 l&#8217;\u00c9tat grec post-r\u00e9volutionnaire r\u00e9cemment cr\u00e9\u00e9 en 1832, avec les autres Sporades. Le nom actuel de l&#8217;\u00eele a \u00e9t\u00e9 donn\u00e9 entre les ann\u00e9es 1836 &#8211; 1838 et a remplac\u00e9 le nom pr\u00e9c\u00e9dent, qui \u00e9tait Liadromia, Chiliadromia ou Cheliodromi. Il est consid\u00e9r\u00e9 que celui-ci \u00e9tait le nom de l&#8217;\u00eele dans l&#8217;Antiquit\u00e9.<\/span><\/p>\n<p class=\"p1\"><span class=\"s1\">Des enqu\u00eates ult\u00e9rieures ont montr\u00e9 que l&#8217;ancien nom de l&#8217;\u00eele \u00e9tait Ikos, tandis qu\u2019Alonissos \u00e9tait probablement le nom de l&#8217;\u00eele Kyra Panagia, sans qu\u2019aucune correction n\u2019ait \u00e9t\u00e9 faite au nom depuis lors.<\/span><\/p>\n<p class=\"p1\"><span class=\"s1\">Selon la mythologie, les Sporades du Nord ont \u00e9t\u00e9 cr\u00e9\u00e9es par les fr\u00e8res G\u00e9ants Oto et \u00c9fialti (connus sous le nom Aloades), qui jetaient des montagnes dans la mer en essayant d&#8217;\u00e9largir la terre ferme. Leur but final \u00e9tait de placer Pilion au-dessus de Kissavos et Olympos pour atteindre le ciel et vaincre Zeus et les autres dieux. <\/span><\/p>\n<p class=\"p1\"><span class=\"s1\">Les premi\u00e8res traces de pr\u00e9sence humaine \u00e0 Alonissos sont plac\u00e9es dans la p\u00e9riode pal\u00e9olithique moyenne (100 000 &#8211; 33 000 avant J. C.). Des trouvailles sur l\u2019\u00eele Vrachos, en face du cap Kokkinokastro indiquent que cet emplacement \u00e9tait utilis\u00e9 par des chasseurs, qui fabriquaient des outils, d\u00e9coupaient du gros gibier et traitaient leurs peaux. La pr\u00e9sence du gros gibier renforce l&#8217;avis des scientifiques selon lequel le niveau de l&#8217;eau de mer \u00e9tait beaucoup plus bas qu&#8217;aujourd&#8217;hui pendant la p\u00e9riode du Pl\u00e9istoc\u00e8ne. Il en r\u00e9sulte que les Sporades du Nord \u00e9taient li\u00e9es \u00e0 Magnisia avec terre ferme et par cons\u00e9quent le passage des personnes et des animaux \u00e9tait possible.<\/span><\/p>\n<p class=\"p1\"><span class=\"s2\">Pendant la p\u00e9riode g\u00e9om\u00e9trique<\/span><span class=\"s1\"> (1100 \u2013 700 avant J.C.), l&#8217;\u00eele a \u00e9t\u00e9 utilis\u00e9e comme repaire par les pirates Dolopes en raison de l\u2019emplacement strat\u00e9gique d\u2019Alonissos et des \u00eeles environnantes vers les routes maritimes commerciales de l&#8217;\u00e9poque. Les pirates Dolopes ont \u00e9t\u00e9 expuls\u00e9s par le g\u00e9n\u00e9ral ath\u00e9nien Cimon (ou Kimon en grec) qui a annex\u00e9 les \u00eeles \u00e0 l&#8217;alliance ath\u00e9nienne.<\/span><\/p>\n<p class=\"p1\"><span class=\"s2\">Durant la p\u00e9riode classique<\/span><span class=\"s1\"> (500 \u2013 323 avant J.C.), Alonissos est connue pour sa production de vin, lequel \u00e9tait le plus recherch\u00e9 dans la M\u00e9diterran\u00e9e orientale. Au cours de cette p\u00e9riode, l\u2019\u00eele coupe ses propres pi\u00e8ces de monnaie portant l&#8217;inscription \u00ab IKION \u00bb. L&#8217;occupation de l&#8217;\u00eele pendant la p\u00e9riode classique change deux fois entre les Ath\u00e9niens et les Mac\u00e9doniens. Les derniers en appliquant la tactique de la terre br\u00fbl\u00e9e br\u00fbleront l&#8217;\u00eele en 199 (avant J.C.) afin d\u2019emp\u00eacher le ravitaillement de la flotte romaine. Avec les autres Sporades, Alonissos sera c\u00e9d\u00e9e de nouveau aux Ath\u00e9niens en 42 avant J.C. par les Romains.<\/span><\/p>\n<p class=\"p1\"><span class=\"s1\">Nous retrouverons des donn\u00e9es historiques sur Alonissos apr\u00e8s 1204 et la premi\u00e8re prise de Constantinople par les Francs. Avec les \u00eeles voisines, Alonissos passera en leur possession. <\/span><\/p>\n<p class=\"p1\"><span class=\"s1\">Au cours du 15<\/span><span class=\"s3\"><sup>\u00e8me<\/sup><\/span><span class=\"s1\"> si\u00e8cle, selon les premi\u00e8res r\u00e9f\u00e9rences, l&#8217;\u00eele \u00e9tait connue sous le nom de Diadromoi. Plus tard, ce nom a subi une alt\u00e9ration et a pris le nom de Liadromia.<span class=\"Apple-converted-space\">\u00a0 \u00a0<\/span><\/span><\/p>\n<p class=\"p1\"><span class=\"s1\">Apr\u00e8s 1453,<span class=\"Apple-converted-space\">\u00a0 <\/span>Alonissos avec les \u00eeles voisines passera sous le contr\u00f4le des V\u00e9nitiens jusqu&#8217;en 1538. Cette ann\u00e9e, la flotte turque avec l\u2019amiral Barbarossa occupera l&#8217;\u00eele, la pillera et asservira les habitants. La population de l&#8217;\u00eele se redressera pendant la r\u00e9volution grecque de 1821, lorsque les r\u00e9fugi\u00e9s de la Gr\u00e8ce continentale chercheront refuge dans les Sporades.<\/span><\/p>\n<p class=\"p1\"><strong><span class=\"s1\">G\u00c9OGRAPHIE<\/span><\/strong><\/p>\n<p class=\"p1\"><span class=\"s1\">Alonissos est situ\u00e9e dans le nord de la mer \u00c9g\u00e9e et appartient \u00e0 l&#8217;archipel des Sporades du Nord. (Autres \u00eeles : Skyros, Skiathos, Skopelos). Elle se trouve \u00e0 65 miles nautiques \u00e0 partir de Volos. <\/span><\/p>\n<p class=\"p1\"><span class=\"s1\">La superficie totale de l&#8217;\u00eele est d&#8217;environ 65 kilom\u00e8tres carr\u00e9s et la ligne c\u00f4ti\u00e8re s\u2019\u00e9tend sur 67 kilom\u00e8tres. <\/span><\/p>\n<p class=\"p1\"><span class=\"s1\">L\u2019\u00eele est montagneuse, avec les plus hauts sommets des collines Kouvouli (476 m\u00e8tres) et Geladias (456 m\u00e8tres), alors que Chora est construit \u00e0 une hauteur de 200 m\u00e8tres. <\/span><\/p>\n<p class=\"p1\"><span class=\"s1\">Lors du recensement de 2011, la municipalit\u00e9 d\u2019Alonissos comptait 1881 habitants. La plus grande ville est Patitiri, o\u00f9 se trouve le principal port de l&#8217;\u00eele, l&#8217;h\u00f4tel de ville, les services publics, la filiale de la Banque Nationale, un cabinet m\u00e9dical, des pharmacies et le Centre de r\u00e9habilitation du dauphin en m\u00e9diterran\u00e9e. D&#8217;autres grandes communes de l&#8217;\u00eele sont Votsi et Stenivala.<\/span><\/p>\n","protected":false},"excerpt":{"rendered":"<p>HISTOIRE Alonissos s&#8217;est int\u00e9gr\u00e9e \u00e0 l&#8217;\u00c9tat grec post-r\u00e9volutionnaire r\u00e9cemment cr\u00e9\u00e9 en 1832, avec les autres Sporades. Le nom actuel de l&#8217;\u00eele a \u00e9t\u00e9 donn\u00e9 entre les ann\u00e9es 1836 &#8211; 1838 et a remplac\u00e9 le nom pr\u00e9c\u00e9dent, qui \u00e9tait Liadromia, Chiliadromia ou Cheliodromi. Il est consid\u00e9r\u00e9 que celui-ci \u00e9tait le nom[&#8230;]<\/p>\n","protected":false},"author":1,"featured_media":0,"parent":0,"menu_order":0,"comment_status":"closed","ping_status":"closed","template":"template-fullwidth.php","meta":{"footnotes":""},"class_list":["post-1030","page","type-page","status-publish","hentry"],"_links":{"self":[{"href":"https:\/\/ikia.eu\/fr\/wp-json\/wp\/v2\/pages\/1030","targetHints":{"allow":["GET"]}}],"collection":[{"href":"https:\/\/ikia.eu\/fr\/wp-json\/wp\/v2\/pages"}],"about":[{"href":"https:\/\/ikia.eu\/fr\/wp-json\/wp\/v2\/types\/page"}],"author":[{"embeddable":true,"href":"https:\/\/ikia.eu\/fr\/wp-json\/wp\/v2\/users\/1"}],"replies":[{"embeddable":true,"href":"https:\/\/ikia.eu\/fr\/wp-json\/wp\/v2\/comments?post=1030"}],"version-history":[{"count":1,"href":"https:\/\/ikia.eu\/fr\/wp-json\/wp\/v2\/pages\/1030\/revisions"}],"predecessor-version":[{"id":1325,"href":"https:\/\/ikia.eu\/fr\/wp-json\/wp\/v2\/pages\/1030\/revisions\/1325"}],"wp:attachment":[{"href":"https:\/\/ikia.eu\/fr\/wp-json\/wp\/v2\/media?parent=1030"}],"curies":[{"name":"wp","href":"https:\/\/api.w.org\/{rel}","templated":true}]}}