{"id":1028,"date":"2016-04-10T08:07:48","date_gmt":"2016-04-10T08:07:48","guid":{"rendered":"http:\/\/tost.harisninios.com\/fr\/?page_id=1028"},"modified":"2016-04-11T10:09:57","modified_gmt":"2016-04-11T10:09:57","slug":"curiosites","status":"publish","type":"page","link":"https:\/\/ikia.eu\/fr\/curiosites\/","title":{"rendered":"Curiosit\u00e9s"},"content":{"rendered":"<p class=\"p1\"><span class=\"s1\">Le visiteur devrait visiter Chora, le village traditionnel de l\u2019\u00eele. Construit \u00e0 une altitude d&#8217;environ 200 m\u00e8tres, Chora a \u00e9t\u00e9 \u00e0 l&#8217;origine l&#8217;abri des habitants qui venaient s\u2019y r\u00e9fugier par crainte des pirates.<\/span><\/p>\n<p class=\"p1\"><span class=\"s1\">Les murs ext\u00e9rieurs des premi\u00e8res maisons construites dans la partie orientale et sud de la colline constituaient une fortification particuli\u00e8re qui offrait une protection relative contre des envahisseurs potentiels, tandis que les falaises de l&#8217;ouest et c\u00f4t\u00e9 nord y emp\u00eachaient l&#8217;acc\u00e8s.<\/span><\/p>\n<p class=\"p1\"><span class=\"s1\">Le manque d&#8217;espace a donn\u00e9 lieu \u00e0 une urbanisation dense avec des maisons construites l\u2019une \u00e0 c\u00f4t\u00e9 de l&#8217;autre. Progressivement, dans les ann\u00e9es pr\u00e9-r\u00e9volutionnaires, au 18<\/span><span class=\"s2\"><sup>\u00e8me<\/sup><\/span><span class=\"s1\"><span class=\"Apple-converted-space\">\u00a0 <\/span>et 19<\/span><span class=\"s2\"><sup>\u00e8me<\/sup><\/span><span class=\"s1\"> si\u00e8cle et apparemment en raison de la croissance de la population, des maisons ont \u00e9t\u00e9 construites autour du ch\u00e2teau, donnant \u00e0 Chora sa forme actuelle.<\/span><\/p>\n<p class=\"p1\"><span class=\"s1\">Au-del\u00e0 de CHORA, la principale raison pour visiter l&#8217;\u00eele sont ses plages et sa beaut\u00e9 naturelle. Il y a des plages pour tous les go\u00fbts, avec du sable, des plages de galets fins ou gros, des plages relativement organis\u00e9es avec des parasols et des chaises longues, des caf\u00e9t\u00e9rias et des tavernes mais aussi des plages non-organis\u00e9es o\u00f9 le visiteur doit s\u2019\u00e9quiper comme il se doit. <\/span><\/p>\n<p class=\"p1\"><span class=\"s1\">\u00c0 titre indicatif, on mentionnera Agios Dimitrios, Lefto Gialo, Milia, Chrissi Milia, Kokkinokastro, Tsoukalia. D\u00e9couvrez celle qui vous convient !<\/span><\/p>\n<p class=\"p1\"><span class=\"s1\"><b>Parc maritime national des Sporades du Nord (Marine Park)<\/b><\/span><\/p>\n<p class=\"p1\"><span class=\"s1\">Alonissos avec les \u00eeles inhabit\u00e9es situ\u00e9es surtout \u00e0 l&#8217;est et la zone maritime environnante constituent le parc maritime national des Sporades du nord, couvrant une superficie de 2200 km\u00b2. <\/span><\/p>\n<p class=\"p1\"><span class=\"s1\">C\u2019est le plus grand parc marin en \u00e9tendue de l&#8217;Europe. Il est s\u00e9par\u00e9 en deux zones : la premi\u00e8re (A) comprend les \u00eeles de Kyra Panagia, Skantzoura, Gioyra, Piperi, Psathoura, Grammiza, Pappous et divers petits il\u00f4ts rocheux.<\/span><\/p>\n<p class=\"p1\"><span class=\"s1\">Le syst\u00e8me de protection est particuli\u00e8rement s\u00e9v\u00e8re dans la zone A, puisque celle-ci comprend l&#8217;\u00eelot Piperi, qui est consid\u00e9r\u00e9 comme le lieu le plus important de reproduction pour le phoque moine (Monachus monachus). <\/span><\/p>\n<p class=\"p1\"><span class=\"s1\">En ce qui concerne particuli\u00e8rement cet \u00eelot, l&#8217;approche est interdite \u00e0 moins de 3 milles nautiques. Dans les autres \u00eelots de la zone A, l\u2019approche est admise jusqu&#8217;\u00e0 un rayon de 400 m\u00e8tres de ceux -ci. La deuxi\u00e8me zone (B) comprend Alonissos et les \u00eeles Peristera, Dio Aderfia et Lechousa. <\/span><\/p>\n<p class=\"p1\"><span class=\"s1\">\u00c0 Alonissos, si\u00e8ge le Centre de secours et de r\u00e9habilitation des phoques moines de M\u00e9diterran\u00e9e.<\/span><\/p>\n","protected":false},"excerpt":{"rendered":"<p>Le visiteur devrait visiter Chora, le village traditionnel de l\u2019\u00eele. Construit \u00e0 une altitude d&#8217;environ 200 m\u00e8tres, Chora a \u00e9t\u00e9 \u00e0 l&#8217;origine l&#8217;abri des habitants qui venaient s\u2019y r\u00e9fugier par crainte des pirates. Les murs ext\u00e9rieurs des premi\u00e8res maisons construites dans la partie orientale et sud de la colline constituaient[&#8230;]<\/p>\n","protected":false},"author":1,"featured_media":1145,"parent":0,"menu_order":0,"comment_status":"closed","ping_status":"closed","template":"template-fullwidth.php","meta":{"footnotes":""},"class_list":["post-1028","page","type-page","status-publish","has-post-thumbnail","hentry"],"_links":{"self":[{"href":"https:\/\/ikia.eu\/fr\/wp-json\/wp\/v2\/pages\/1028","targetHints":{"allow":["GET"]}}],"collection":[{"href":"https:\/\/ikia.eu\/fr\/wp-json\/wp\/v2\/pages"}],"about":[{"href":"https:\/\/ikia.eu\/fr\/wp-json\/wp\/v2\/types\/page"}],"author":[{"embeddable":true,"href":"https:\/\/ikia.eu\/fr\/wp-json\/wp\/v2\/users\/1"}],"replies":[{"embeddable":true,"href":"https:\/\/ikia.eu\/fr\/wp-json\/wp\/v2\/comments?post=1028"}],"version-history":[{"count":1,"href":"https:\/\/ikia.eu\/fr\/wp-json\/wp\/v2\/pages\/1028\/revisions"}],"predecessor-version":[{"id":1319,"href":"https:\/\/ikia.eu\/fr\/wp-json\/wp\/v2\/pages\/1028\/revisions\/1319"}],"wp:featuredmedia":[{"embeddable":true,"href":"https:\/\/ikia.eu\/fr\/wp-json\/wp\/v2\/media\/1145"}],"wp:attachment":[{"href":"https:\/\/ikia.eu\/fr\/wp-json\/wp\/v2\/media?parent=1028"}],"curies":[{"name":"wp","href":"https:\/\/api.w.org\/{rel}","templated":true}]}}