{"id":1020,"date":"2016-04-10T08:00:30","date_gmt":"2016-04-10T08:00:30","guid":{"rendered":"http:\/\/tost.harisninios.com\/fr\/?page_id=1020"},"modified":"2016-04-17T14:56:04","modified_gmt":"2016-04-17T14:56:04","slug":"logement","status":"publish","type":"page","link":"https:\/\/ikia.eu\/fr\/logement\/","title":{"rendered":"Logement"},"content":{"rendered":"<p class=\"p1\"><span class=\"s1\"><b>Histoire de la maison\u00a0<\/b><\/span><\/p>\n<p class=\"p1\"><span class=\"s1\">La maison est situ\u00e9e dans le village traditionnel d\u2019Alonissos, connu sous le nom de Chora. Elle a \u00e9t\u00e9 construite entre 1905 et 1915 par Niko Dimaki, notre anc\u00eatre, qui \u00e9tait artisan de la pierre.<\/span><\/p>\n<p class=\"p1\"><span class=\"s1\">Cette maison a \u00e9t\u00e9 donn\u00e9e en dot \u00e0 notre arri\u00e8re-grand-m\u00e8re Machi qui est n\u00e9e en 1897 et qui \u00e9tait la derni\u00e8re-n\u00e9e de la famille. Dans cette maison est n\u00e9e en 1920 la fille de notre arri\u00e8re-grand-m\u00e8re Machi, la grand-m\u00e8re Eleni qui a pris la maison en dot, lors de son mariage avec le grand-p\u00e8re Georges en 1940. La famille Tsoukana a mis au monde ses deux enfants, Ilias (mon p\u00e8re) et Machi entre les ann\u00e9es 1940 et 1950. Cette maison a \u00e9t\u00e9 la r\u00e9sidence principale et le lieu d&#8217;affaires de la famille jusqu&#8217;\u00e0 la fin des ann\u00e9es 60.<\/span><\/p>\n<p class=\"p1\"><span class=\"s1\">Le 9 mars 1965 est une date historique dans l&#8217;histoire moderne d\u2019Alonissos. Un fort tremblement de terre de 6,1 sur l&#8217;\u00e9chelle de Richter, suivi d&#8217;une r\u00e9plique de 5,7 Richter deux minutes plus tard, a provoqu\u00e9 de nombreuses catastrophes \u00e0 Alonissos et \u00e0 Skopelos.<span class=\"Apple-converted-space\">\u00a0 <\/span>\u00c0 Alonissos, 561 b\u00e2timents ont \u00e9t\u00e9 endommag\u00e9s et \u00e0 Skopelos 2386 (au total 1941 b\u00e2timents ont \u00e9t\u00e9 d\u00e9truits).<\/span><\/p>\n<p class=\"p1\"><span class=\"s1\">Apr\u00e8s le s\u00e9isme, la famille a suivi la vague de migration interne et s&#8217;est install\u00e9e \u00e0 Patitiri o\u00f9 elle exerce son activit\u00e9 professionnelle jusqu\u2019\u00e0 aujourd&#8217;hui. Patitiri est devenu le nouveau centre de l&#8217;\u00eele.<\/span><\/p>\n<p class=\"p1\"><span class=\"s1\"><b>Le logement<span class=\"Apple-converted-space\">\u00a0\u00a0<\/span><\/b><\/span><\/p>\n<p class=\"p1\"><span class=\"s1\">Le logement est ouvert tout au long de l&#8217;ann\u00e9e. Il est situ\u00e9 \u00e0 environ 250 m\u00e8tres des anciennes aires \u00e0 l\u2019entr\u00e9e du village et les 50 derniers m\u00e8tres ne sont pas accessibles en voiture, comme c&#8217;est le cas avec la plupart des vieilles maisons du pays.<\/span><\/p>\n<p class=\"p1\"><span class=\"s1\">Il se compose de deux maisons ind\u00e9pendantes ayant deux pi\u00e8ces chacune. Ce sont des maisons traditionnelles \u00e0 deux \u00e9tages, enti\u00e8rement r\u00e9nov\u00e9es avec cour et vue sur le Grand Mourtia.<\/span><\/p>\n<p class=\"p1\"><span class=\"s1\">La premi\u00e8re maison (Verte), de surface 76 m<\/span><span class=\"s2\"><sup>2<\/sup><\/span><span class=\"s1\">, dispose d&#8217;une chambre \u00e0 coucher avec lit double au rez de chauss\u00e9e tandis qu\u2019au 1<\/span><span class=\"s2\"><sup>er<\/sup><\/span><span class=\"s1\"> \u00e9tage, il y a une chambre \u00e0 emplois multiples avec lit double, table, balcon, cuisine s\u00e9par\u00e9e, enti\u00e8rement \u00e9quip\u00e9e et toilettes.<\/span><\/p>\n<p class=\"p1\"><span class=\"s1\">La deuxi\u00e8me maison (Brune) de surface 72 m<\/span><span class=\"s2\"><sup>2<\/sup><\/span><span class=\"s1\"> dispose d&#8217;une salle \u00e0 emplois multiples, au rez de chauss\u00e9e avec une cuisine enti\u00e8rement \u00e9quip\u00e9e, canap\u00e9 qui devient lit double, table et toilettes, tandis qu\u2019au premier \u00e9tage, il y a une chambre \u00e0 coucher avec un lit double et un lit simple, une v\u00e9randa et un balcon. Chaque maison peut accueillir jusqu&#8217;\u00e0 5 personnes.<\/span><\/p>\n<p class=\"p1\"><span class=\"s1\"><b>Prestations<\/b><\/span><\/p>\n<p class=\"p1\"><span class=\"s1\">Les maisons fonctionnent comme des logements ind\u00e9pendants. Elles disposent d&#8217;une cuisine enti\u00e8rement \u00e9quip\u00e9e, avec cafeti\u00e8re, bouilloire, s\u00e8che-cheveux, fer \u00e0 repasser et Internet sans fil. <\/span><\/p>\n<p class=\"p1\"><span class=\"s1\">Il y a aussi la possibilit\u00e9 d&#8217;utiliser la machine \u00e0 laver sur demande. Les draps et les serviettes sont changes tous les cinq jours.<\/span><\/p>\n","protected":false},"excerpt":{"rendered":"<p>Histoire de la maison\u00a0 La maison est situ\u00e9e dans le village traditionnel d\u2019Alonissos, connu sous le nom de Chora. Elle a \u00e9t\u00e9 construite entre 1905 et 1915 par Niko Dimaki, notre anc\u00eatre, qui \u00e9tait artisan de la pierre. Cette maison a \u00e9t\u00e9 donn\u00e9e en dot \u00e0 notre arri\u00e8re-grand-m\u00e8re Machi qui[&#8230;]<\/p>\n","protected":false},"author":1,"featured_media":1013,"parent":0,"menu_order":0,"comment_status":"closed","ping_status":"closed","template":"template-fullwidth.php","meta":{"footnotes":""},"class_list":["post-1020","page","type-page","status-publish","has-post-thumbnail","hentry"],"_links":{"self":[{"href":"https:\/\/ikia.eu\/fr\/wp-json\/wp\/v2\/pages\/1020","targetHints":{"allow":["GET"]}}],"collection":[{"href":"https:\/\/ikia.eu\/fr\/wp-json\/wp\/v2\/pages"}],"about":[{"href":"https:\/\/ikia.eu\/fr\/wp-json\/wp\/v2\/types\/page"}],"author":[{"embeddable":true,"href":"https:\/\/ikia.eu\/fr\/wp-json\/wp\/v2\/users\/1"}],"replies":[{"embeddable":true,"href":"https:\/\/ikia.eu\/fr\/wp-json\/wp\/v2\/comments?post=1020"}],"version-history":[{"count":2,"href":"https:\/\/ikia.eu\/fr\/wp-json\/wp\/v2\/pages\/1020\/revisions"}],"predecessor-version":[{"id":1360,"href":"https:\/\/ikia.eu\/fr\/wp-json\/wp\/v2\/pages\/1020\/revisions\/1360"}],"wp:featuredmedia":[{"embeddable":true,"href":"https:\/\/ikia.eu\/fr\/wp-json\/wp\/v2\/media\/1013"}],"wp:attachment":[{"href":"https:\/\/ikia.eu\/fr\/wp-json\/wp\/v2\/media?parent=1020"}],"curies":[{"name":"wp","href":"https:\/\/api.w.org\/{rel}","templated":true}]}}